{"id":22948,"date":"2022-06-15T10:41:34","date_gmt":"2022-06-15T08:41:34","guid":{"rendered":"https:\/\/www.myvintage.be\/my-galerie\/"},"modified":"2022-07-12T15:17:02","modified_gmt":"2022-07-12T13:17:02","slug":"my-galerie","status":"publish","type":"page","link":"https:\/\/www.myvintage.be\/en\/my-galerie\/","title":{"rendered":"MY Gallery"},"content":{"rendered":"<p>[vc_row][vc_column]<div class='portfolio-container '><div class=\"list_faq clearfix col-lg-12\"><h5>Sort Portfolio By:<\/h5><ul class=\"portfolioFilter\"><li class=\"active\"><a href=\"#\" data-filter=\"*\" class=\"current filter\">All<\/a><\/li><li><a href=\"#\" class=\"filter\" data-filter=\".my-galerie\">MY Galerie <\/a><\/li><\/ul><div class='clearfix'><\/div><\/div><div class=\"portfolioContainer portfolio_2\"><div class=\"col-md-6 mix my-galerie    margin-bottom-50\"><div class=\"box clearfix\"><a href=\"https:\/\/www.myvintage.be\/en\/galerie-vehicule\/ford-escort-rs-cosworth-gr-a-l421-nhk-f-delecour-d-grataloup\/\"><img src='https:\/\/www.myvintage.be\/wp-content\/uploads\/2023\/01\/DSC_6601-762x456.jpg' alt='' class='portfolio image' \/><\/a><div class='padding-top-25 padding-bottom-10'>\n<h2><a href='https:\/\/www.myvintage.be\/en\/galerie-vehicule\/ford-escort-rs-cosworth-gr-a-l421-nhk-f-delecour-d-grataloup\/'>Ford Escort RS Cosworth Gr.A &#8211; L421 NHK &#8211; F Delecour \/ D Grataloup<\/a><\/h2>\n<span>MY Galerie <\/span> <\/div>\n<p>More information coming soon ...<\/p>\n<\/div><\/div><div class=\"col-md-6 mix my-galerie    margin-bottom-50\"><div class=\"box clearfix\"><a href=\"https:\/\/www.myvintage.be\/en\/galerie-vehicule\/ford-escort-wrc-r4-fmc-j-kankkunen-j-repo\/\"><img src='https:\/\/www.myvintage.be\/wp-content\/uploads\/2022\/08\/DSC_3139-Modifier-762x456.jpg' alt='' class='portfolio image' \/><\/a><div class='padding-top-25 padding-bottom-10'>\n<h2><a href='https:\/\/www.myvintage.be\/en\/galerie-vehicule\/ford-escort-wrc-r4-fmc-j-kankkunen-j-repo\/'>Ford Escort WRC &#8211; R4 FMC &#8211; J Kankkunen \/ J Repo<\/a><\/h2>\n<span>MY Galerie <\/span> <\/div>\n<p>Car built by M-Sport in 1998, for Ford's official program in the World Rally Championship, in the colours of Valvoline. In 1998 Juha Kankkunen contested six world rallies with the car, resulting in three podium finishes.\r\nIt was entered for t...<\/p>\n<\/div><\/div><div class=\"col-md-6 mix my-galerie    margin-bottom-50\"><div class=\"box clearfix\"><a href=\"https:\/\/www.myvintage.be\/en\/galerie-vehicule\/subaru-impreza-wrc-05-chassis-7-p-solberg-p-mills\/\"><img src='https:\/\/www.myvintage.be\/wp-content\/uploads\/2022\/07\/WhatsApp-Image-2022-07-11-at-10.03.11-762x456.jpeg' alt='' class='portfolio image' \/><\/a><div class='padding-top-25 padding-bottom-10'>\n<h2><a href='https:\/\/www.myvintage.be\/en\/galerie-vehicule\/subaru-impreza-wrc-05-chassis-7-p-solberg-p-mills\/'>Subaru Impreza WRC &#8217;05 &#8211; ch\u00e2ssis #7 &#8211; P Solberg \/ P Mills<\/a><\/h2>\n<span>MY Galerie <\/span> <\/div>\n<p>Car built in 2005 by Prodrive for the official Subaru World Rally Team program in the World Rally Championship. Petter Solberg, 2005 World Vice-Champion, has contested three rallies with it.\r\nWhen the Subaru Impreza S11 WRC made its debut in ...<\/p>\n<\/div><\/div><div class=\"col-md-6 mix my-galerie    margin-bottom-50\"><div class=\"box clearfix\"><a href=\"https:\/\/www.myvintage.be\/en\/galerie-vehicule\/renault-clio-s1600-chassis-83-voiture-dessais-lad-2\/\"><img src='https:\/\/www.myvintage.be\/wp-content\/uploads\/2022\/07\/WhatsApp-Image-2022-07-18-at-17.25.25-762x456.jpeg' alt='' class='portfolio image' \/><\/a><div class='padding-top-25 padding-bottom-10'>\n<h2><a href='https:\/\/www.myvintage.be\/en\/galerie-vehicule\/renault-clio-s1600-chassis-83-voiture-dessais-lad-2\/'>Renault Clio S1600 &#8211; ch\u00e2ssis #83 &#8211; Test car LAD<\/a><\/h2>\n<span>MY Galerie <\/span> <\/div>\n<p>More information coming soon ...<\/p>\n<\/div><\/div><div class=\"col-md-6 mix my-galerie    margin-bottom-50\"><div class=\"box clearfix\"><a href=\"https:\/\/www.myvintage.be\/en\/galerie-vehicule\/peugeot-dkr-3008-dkr-2019-c22\/\"><img src='https:\/\/www.myvintage.be\/wp-content\/uploads\/2022\/06\/MCH19837-762x456.jpg' alt='' class='portfolio image' \/><\/a><div class='padding-top-25 padding-bottom-10'>\n<h2><a href='https:\/\/www.myvintage.be\/en\/galerie-vehicule\/peugeot-dkr-3008-dkr-2019-c22\/'>Peugeot DKR 3008 DKR 2019 #C22<\/a><\/h2>\n<span>MY Galerie <\/span> <\/div>\n<p>Following the win of the 2008 DKR in 2016, the marketing team of Peugeot decided to build a new car to promote their newest SUV the 3008.\r\n\r\nWith a couple of technical upgrade,\u00a0a new more aerodynamic body, an air conditioner and a new optimis...<\/p>\n<\/div><\/div><div class=\"col-md-6 mix my-galerie    margin-bottom-50\"><div class=\"box clearfix\"><a href=\"https:\/\/www.myvintage.be\/en\/galerie-vehicule\/citroen-c-elysee-wtcc-chassis-9-jm-lopez-championne-du-monde-wtcc-2016-2\/\"><img src='https:\/\/www.myvintage.be\/wp-content\/uploads\/2022\/06\/DSC_7217-762x456.jpg' alt='' class='portfolio image' \/><\/a><div class='padding-top-25 padding-bottom-10'>\n<h2><a href='https:\/\/www.myvintage.be\/en\/galerie-vehicule\/citroen-c-elysee-wtcc-chassis-9-jm-lopez-championne-du-monde-wtcc-2016-2\/'>Citro\u00ebn C-Elys\u00e9e WTCC \u2013 ch\u00e2ssis #9 \u2013 JM Lopez &#8211; World Champion WTCC 2016<\/a><\/h2>\n<span>MY Galerie <\/span> <\/div>\n<p>On 25 June 2013, Citro\u00ebn announced its entry into the WTCC from 2014 with World Rally Champion S\u00e9bastien Loeb in a C-Elys\u00e9e. His teammates included Yvan Muller and Argentinean Jos\u00e9 Mar\u00eda Lopez. At the time, Citro\u00ebn requested the introduction ...<\/p>\n<\/div><\/div><div class=\"col-md-6 mix my-galerie    margin-bottom-50\"><div class=\"box clearfix\"><a href=\"https:\/\/www.myvintage.be\/en\/galerie-vehicule\/suzuki-swift-s1600-chassis-20-voiture-essais-suzuki-motorsport-europe\/\"><img src='https:\/\/www.myvintage.be\/wp-content\/uploads\/2022\/06\/286398333_569494747865934_3826480250474080184_n-762x456.jpg' alt='' class='portfolio image' \/><\/a><div class='padding-top-25 padding-bottom-10'>\n<h2><a href='https:\/\/www.myvintage.be\/en\/galerie-vehicule\/suzuki-swift-s1600-chassis-20-voiture-essais-suzuki-motorsport-europe\/'>Suzuki Swift S1600 \u2013 ch\u00e2ssis #20 &#8211; Voiture essais Suzuki Motorsport Europe<\/a><\/h2>\n<span>MY Galerie <\/span> <\/div>\n<p>More information coming soon ...<\/p>\n<\/div><\/div><div class=\"col-md-6 mix my-galerie    margin-bottom-50\"><div class=\"box clearfix\"><a href=\"https:\/\/www.myvintage.be\/en\/galerie-vehicule\/peugeot-dkr-2008-16\/\"><img src='https:\/\/www.myvintage.be\/wp-content\/uploads\/2022\/06\/PH-SPORT_DAKAR2-BIS-762x456.jpg' alt='' class='portfolio image' \/><\/a><div class='padding-top-25 padding-bottom-10'>\n<h2><a href='https:\/\/www.myvintage.be\/en\/galerie-vehicule\/peugeot-dkr-2008-16\/'>Peugeot DKR 2008 #16<\/a><\/h2>\n<span>MY Galerie <\/span> <\/div>\n<p>After a complicated comeback to the Dakar rally, Peugeot decided to start again and make a completely new car with the 2008 DKR16 taking advantage of all the modifications authorized by the FIA.\r\n\r\nThe DKR16 with it's new improved chassis, on...<\/p>\n<\/div><\/div><div class=\"col-md-6 mix my-galerie    margin-bottom-50\"><div class=\"box clearfix\"><a href=\"https:\/\/www.myvintage.be\/en\/galerie-vehicule\/ford-escort-rs-cosworth-gr-a-chassis-gse96a021-n449-djn\/\"><img src='https:\/\/www.myvintage.be\/wp-content\/uploads\/2022\/07\/DSC_2496-Modifier-762x456.jpg' alt='' class='portfolio image' \/><\/a><div class='padding-top-25 padding-bottom-10'>\n<h2><a href='https:\/\/www.myvintage.be\/en\/galerie-vehicule\/ford-escort-rs-cosworth-gr-a-chassis-gse96a021-n449-djn\/'>Ford Escort RS Cosworth Gr. A &#8211; N449 DJN &#8211; B Thiry \/ S Pr\u00e9vot<\/a><\/h2>\n<span>MY Galerie <\/span> <\/div>\n<p>More information coming soon ...<\/p>\n<\/div><\/div><\/div><\/div>[\/vc_column][\/vc_row]<\/p>\n","protected":false},"excerpt":{"rendered":"<p>More information coming soon &#8230;<\/p>\n","protected":false},"author":5,"featured_media":0,"parent":0,"menu_order":0,"comment_status":"closed","ping_status":"closed","template":"","meta":{"_monsterinsights_skip_tracking":false,"_monsterinsights_sitenote_active":false,"_monsterinsights_sitenote_note":"","_monsterinsights_sitenote_category":0},"_links":{"self":[{"href":"https:\/\/www.myvintage.be\/en\/wp-json\/wp\/v2\/pages\/22948"}],"collection":[{"href":"https:\/\/www.myvintage.be\/en\/wp-json\/wp\/v2\/pages"}],"about":[{"href":"https:\/\/www.myvintage.be\/en\/wp-json\/wp\/v2\/types\/page"}],"author":[{"embeddable":true,"href":"https:\/\/www.myvintage.be\/en\/wp-json\/wp\/v2\/users\/5"}],"replies":[{"embeddable":true,"href":"https:\/\/www.myvintage.be\/en\/wp-json\/wp\/v2\/comments?post=22948"}],"version-history":[{"count":5,"href":"https:\/\/www.myvintage.be\/en\/wp-json\/wp\/v2\/pages\/22948\/revisions"}],"predecessor-version":[{"id":23472,"href":"https:\/\/www.myvintage.be\/en\/wp-json\/wp\/v2\/pages\/22948\/revisions\/23472"}],"wp:attachment":[{"href":"https:\/\/www.myvintage.be\/en\/wp-json\/wp\/v2\/media?parent=22948"}],"curies":[{"name":"wp","href":"https:\/\/api.w.org\/{rel}","templated":true}]}}